{"id":1146,"date":"2018-09-04T11:27:40","date_gmt":"2018-09-04T11:27:40","guid":{"rendered":"https:\/\/paletsdfusta.com\/?page_id=1146"},"modified":"2018-09-04T11:27:40","modified_gmt":"2018-09-04T11:27:40","slug":"politica-de-cookies-2018","status":"publish","type":"page","link":"https:\/\/paletsdfusta.com\/en\/politica-de-cookies-2018\/","title":{"rendered":"COOKIES POLICY"},"content":{"rendered":"<p><strong><span style=\"color: #000000;\">Qu\u00e8 \u00e9s una cookie?<\/span><\/strong><br \/>\n<span style=\"color: #000000;\">Una cookie \u00e9s un fitxer que es descarrega al seu ordinador en accedir l&#8217;Usuari a determinades p\u00e0gines web. Les cookies permeten a una p\u00e0gina web, entre altres coses, emmagatzemar i recuperar informaci\u00f3 sobre els h\u00e0bits de navegaci\u00f3 d&#8217;un usuari o del seu equip i, depenent de la informaci\u00f3 que continguin i de la forma en qu\u00e8 utilitzi el seu equip, es poden utilitzar per recon\u00e8ixer a l&#8217;usuari.<\/span><\/p>\n<p><strong><span style=\"color: #000000;\">Quins tipus de cookies hi ha?<\/span><\/strong><br \/>\n<span style=\"color: #000000;\">Hi ha diversos tipus de cookies en funci\u00f3 de diferents criteris:<\/span><br \/>\n<span style=\"color: #000000;\">En funci\u00f3 del temps que romanen activades:<\/span><br \/>\n<span style=\"color: #000000;\"> \u2022 Cookies de sessi\u00f3. S\u00f3n un tipus de cookies dissenyades per demanar i emmagatzemar dades mentre l&#8217;usuari accedeix a una p\u00e0gina web.<\/span><br \/>\n<span style=\"color: #000000;\"> \u2022 Cookies permanents: S\u00f3n un tipus de cookies en el qual les dades segueixen emmagatzemats en el terminal i poden ser accedits i tractats durant un per\u00edode definit pel responsable de la galeta.<\/span><br \/>\n<span style=\"color: #000000;\">En funci\u00f3 de la titularitat:<\/span><br \/>\n<span style=\"color: #000000;\"> \u2022 Cookies pr\u00f2pies. S\u00f3n les que pertanyen a S.D. FUSTA, C.B.<\/span><br \/>\n<span style=\"color: #000000;\"> \u2022 Cookies de tercers. S\u00f3n aquelles la titularitat \u00e9s d&#8217;un tercer, diferent de S.D. FUSTA, C.B., que ser\u00e0 qui tracti la informaci\u00f3 recollida.<\/span><br \/>\n<span style=\"color: #000000;\">En funci\u00f3 de la seva finalitat:<\/span><br \/>\n<span style=\"color: #000000;\"> \u2022 Cookies t\u00e8cniques i \/ o de personalitzaci\u00f3. S\u00f3n aquelles que serveixen per millorar el servei, localitzar incid\u00e8ncies, recon\u00e8ixer a l&#8217;usuari, etc.<\/span><br \/>\n<span style=\"color: #000000;\"> \u2022 Cookies d&#8217;an\u00e0lisi i \/ o de publicitat. S\u00f3n aquelles que serveixen per analitzar informaci\u00f3 sobre la navegaci\u00f3 i oferir publicitat, sigui gen\u00e8rica o personalitzada.<\/span><\/p>\n<p><strong><span style=\"color: #000000;\">Quins tipus de cookies s\u00f3n m\u00e9s habituals?<\/span><\/strong><br \/>\n<span style=\"color: #000000;\">T\u00c8CNIQUES: S\u00f3n cookies PR\u00d2PIES, de sessi\u00f3, d&#8217;identificaci\u00f3, de configuraci\u00f3 i de registre, estrictament necess\u00e0ries per a la identificaci\u00f3 de l&#8217;usuari i per a la prestaci\u00f3 dels serveis sol\u00b7licitats per l&#8217;usuari. La informaci\u00f3 obtinguda a trav\u00e9s de les mateixes \u00e9s tractada \u00fanicament per S.D. FUSTA, C.B.<\/span><br \/>\n<span style=\"color: #000000;\">D&#8217;AN\u00c0LISI: S\u00f3n aquelles que, ben tractades per nosaltres o per tercers, ens permeten quantificar el nombre d&#8217;usuaris i aix\u00ed realitzar el mesurament i an\u00e0lisi estad\u00edstica de la utilitzaci\u00f3 que fan els usuaris del servei ofert. Per aix\u00f2 s&#8217;analitza la seva navegaci\u00f3 a la nostra p\u00e0gina web per tal de millorar l&#8217;oferta de productes o serveis que li oferim.<\/span><br \/>\n<span style=\"color: #000000;\">DE PUBLICITAT: S\u00f3n aquelles que, ben tractades per nosaltres o per tercers, permeten la gesti\u00f3, de la forma m\u00e9s efica\u00e7 possible, dels espais publicitaris que es poguessin incloure a la nostra p\u00e0gina web i \/ o emmagatzemen informaci\u00f3 del comportament dels usuaris obtinguda a trav\u00e9s de l&#8217;observaci\u00f3 continuada. Gr\u00e0cies a elles, podem con\u00e8ixer els h\u00e0bits de navegaci\u00f3 a internet i mostrar-li publicitat relacionada amb el seu perfil de navegaci\u00f3.<\/span><\/p>\n<p><strong><span style=\"color: #000000;\">Per qu\u00e8 serveix una cookie?<\/span><\/strong><br \/>\n<span style=\"color: #000000;\">Les cookies s&#8217;utilitzen per poder oferir-serveis i \/ o publicitat personalitzats, per analitzar el funcionament del sistema, recon\u00e8ixer quan accedeix com a usuari, localitzar incid\u00e8ncies i problemes que puguin sorgir i solucionar en el menor termini possible, aix\u00ed com analitzar i mesurar l&#8217;\u00fas i activitat de la p\u00e0gina web.<\/span><\/p>\n<p><strong><span style=\"color: #000000;\">Es necessita el meu consentiment per implantar una cookie?<\/span><\/strong><br \/>\n<span style=\"color: #000000;\">No cal el consentiment per a la instal\u00b7laci\u00f3 de cookies t\u00e8cniques o les que siguin estrictament necess\u00e0ries per a la prestaci\u00f3 d&#8217;un servei de la societat de la informaci\u00f3 expressament sol\u00b7licitat pel destinatari.<\/span><br \/>\n<span style=\"color: #000000;\">Per a la resta, s\u00ed que es necessita el consentiment de l&#8217;interessat que es pot sol\u00b7licitar per diferents vies. En el cas de S.D. FUSTA, C.B., s&#8217;entendr\u00e0 atorgat si Vost\u00e8 segueix utilitzant la p\u00e0gina web, sense perjudici que en qualsevol moment podr\u00e0 revocar-i desactivar les cookies.<\/span><br \/>\n<span style=\"color: #000000;\">Quins tipus de cookies utilitza aquesta p\u00e0gina web?<\/span><br \/>\n<span style=\"color: #000000;\">Cookies t\u00e8cniques: S\u00f3n aquelles creades i gestionades \u00fanicament per nosaltres, i permeten a l&#8217;usuari la navegaci\u00f3 a trav\u00e9s de la nostra p\u00e0gina web i la utilitzaci\u00f3 de les diferents opcions com, per exemple, identificar la sessi\u00f3, personalitzar informaci\u00f3 o accedir a zones d&#8217;acc\u00e9s restringit.<\/span><br \/>\n<span style=\"color: #000000;\">El lloc web de S.D. FUSTA, C.B., utilitza (o pot utilitzar) Google Analytics, una eina d&#8217;anal\u00edtica web desenvolupada per Google, que ajuda els propietaris de llocs web a mesurar com interactuen els usuaris amb el contingut del lloc. Per la prestaci\u00f3 de aquests serveis, Google Analytics utilitzen cookies que recopilen la informaci\u00f3, inclosa l\u2019adre\u00e7a IP del usuari que ser\u00e0 transmesa, tractada i emmagatzemada per Google en els termes fixats a la web Google.com.<\/span><br \/>\n<span style=\"color: #000000;\">Per a m\u00e9s informaci\u00f3 veure:<\/span><br \/>\n<a href=\"https:\/\/developers.google.com\/analytics\/devguides\/collection\/analyticsjs\/cookie-usage\"><span style=\"color: #000000;\">https:\/\/developers.google.com\/analytics\/devguides\/collection\/analyticsjs\/cookie-usage<\/span><\/a><br \/>\n<span style=\"color: #000000;\">El domini web www.paletsdfusta.com utilitza els seg\u00fcents tipus de cookies:<\/span><\/p>\n<table width=\"566\" cellspacing=\"0\" cellpadding=\"7\">\n<colgroup>\n<col width=\"183\" \/>\n<col width=\"250\" \/>\n<col width=\"89\" \/> <\/colgroup>\n<tbody>\n<tr valign=\"top\">\n<td width=\"183\"><span style=\"font-family: Candara, serif; color: #000000;\"><span style=\"font-size: xx-small;\"><span lang=\"ca-ES\">Nom de la cookie<\/span><\/span><\/span><\/td>\n<td width=\"250\"><span style=\"font-family: Candara, serif; color: #000000;\"><span style=\"font-size: xx-small;\"><span lang=\"ca-ES\">Finalitat<\/span><\/span><\/span><\/td>\n<td width=\"89\"><span style=\"font-family: Candara, serif; color: #000000;\"><span style=\"font-size: xx-small;\"><span lang=\"ca-ES\">Expira<\/span><\/span><\/span><\/td>\n<\/tr>\n<tr valign=\"top\">\n<td width=\"183\"><span style=\"font-family: Candara, serif; color: #000000;\"><span style=\"font-size: xx-small;\"><span lang=\"ca-ES\">_ga<\/span><\/span><\/span><\/td>\n<td width=\"250\">\n<p align=\"justify\"><span style=\"font-family: Candara, serif; color: #000000;\"><span style=\"font-size: xx-small;\"><span lang=\"ca-ES\">Es fa servir per diferenciar entre usuaris i sessions. La cookie es crea en carregar la llibreria JavaScript i no hi ha una versi\u00f3 pr\u00e8via de la galeta _ga. La cookie s&#8217;utilitza cada vegada que envia les dades a Google Analytics.<\/span><\/span><\/span><\/p>\n<\/td>\n<td width=\"89\">\n<p align=\"center\"><span style=\"font-family: Candara, serif; color: #000000;\"><span style=\"font-size: xx-small;\"><span lang=\"ca-ES\">2 anys<\/span><\/span><\/span><\/p>\n<\/td>\n<\/tr>\n<tr valign=\"top\">\n<td width=\"183\"><span style=\"font-family: Candara, serif; color: #000000;\"><span style=\"font-size: xx-small;\"><span lang=\"ca-ES\">_gid<\/span><\/span><\/span><\/td>\n<td width=\"250\">\n<p align=\"justify\"><span style=\"font-family: Candara, serif; color: #000000;\"><span style=\"font-size: xx-small;\"><span lang=\"ca-ES\">S\u2019utilitza per distingir els usuaris. Cookie de Google Analytics.<\/span><\/span><\/span><\/p>\n<\/td>\n<td width=\"89\">\n<p align=\"center\"><span style=\"font-family: Candara, serif; color: #000000;\"><span style=\"font-size: xx-small;\"><span lang=\"ca-ES\">24 hores<\/span><\/span><\/span><\/p>\n<\/td>\n<\/tr>\n<tr valign=\"top\">\n<td width=\"183\"><span style=\"font-family: Candara, serif; color: #000000;\"><span style=\"font-size: xx-small;\">PHPSESSID<\/span><\/span><\/td>\n<td width=\"250\">\n<p align=\"justify\"><span style=\"font-family: Candara, serif; color: #000000;\"><span style=\"font-size: xx-small;\"><span lang=\"ca-ES\">La seva finalitat \u00e9s la de controlar la sessi\u00f3 de l\u2019usuari. Necess\u00e0ries per la navegaci\u00f3 i el bon funcionament de la p\u00e0gina web.<\/span><\/span><\/span><\/p>\n<\/td>\n<td width=\"89\">\n<p align=\"center\"><span style=\"font-family: Candara, serif; color: #000000;\"><span style=\"font-size: xx-small;\"><span lang=\"ca-ES\">Al finalitzar la sessi\u00f3<\/span><\/span><\/span><\/p>\n<\/td>\n<\/tr>\n<tr valign=\"top\">\n<td width=\"183\"><span style=\"font-family: Candara, serif; color: #000000;\"><span style=\"font-size: xx-small;\">wpglobus-language<\/span><\/span><\/td>\n<td width=\"250\"><span style=\"font-family: Candara, serif; color: #000000;\"><span style=\"font-size: xx-small;\"><span lang=\"ca-ES\">Recordar l\u2019idioma escollit per l\u2019USUSARI.<\/span><\/span><\/span><\/td>\n<td width=\"89\">\n<p align=\"center\"><span style=\"font-family: Candara, serif; color: #000000;\"><span style=\"font-size: xx-small;\"><span lang=\"ca-ES\">Persistent<\/span><\/span><\/span><\/p>\n<\/td>\n<\/tr>\n<\/tbody>\n<\/table>\n<p lang=\"ca-ES\" align=\"justify\"><strong><span style=\"color: #000000;\">Com desactivar cookies?<\/span><\/strong><br \/>\n<span style=\"color: #000000;\">Pot permetre, bloquejar o eliminar les cookies instal\u00b7lades en el seu equip mitjan\u00e7ant la configuraci\u00f3 de les opcions del navegador en el vostre ordinador.<\/span><br \/>\n<span style=\"color: #000000;\"> \u2022 Firefox : https:\/\/support.mozilla.org\/es\/kb\/habilitar-y-deshabilitar-cookies-sitios-web-rastrear-preferencias?redirectlocale=es&amp;redirectslug=habilitar-y-deshabilitar-cookies-que-los-sitios-we<\/span><\/p>\n<p><span style=\"color: #000000;\">\u2022 Chrome: https:\/\/support.google.com\/chrome\/answer\/95647?hl=es<\/span><\/p>\n<p><span style=\"color: #000000;\">\u2022 Internet Explorer: https:\/\/support.microsoft.com\/es-es\/products\/windows?os=windows-10<\/span><\/p>\n<p><span style=\"color: #000000;\">\u2022 Safari: https:\/\/support.apple.com\/kb\/ph5042?locale=es_ES<\/span><\/p>\n<p><span style=\"color: #000000;\">\u2022 Safari para iOS: https:\/\/support.apple.com\/es-es\/HT201265<\/span><\/p>\n<p><span style=\"color: #000000;\">\u2022 Opera: http:\/\/help.opera.com\/Windows\/11.50\/es-ES\/cookies.html<\/span><\/p>\n","protected":false},"excerpt":{"rendered":"<p>Qu\u00e8 \u00e9s una cookie? Una cookie \u00e9s un fitxer que es descarrega al seu ordinador en accedir l&#8217;Usuari a determinades p\u00e0gines web. Les cookies permeten a una p\u00e0gina web, entre altres coses, emmagatzemar i recuperar informaci\u00f3 sobre els h\u00e0bits de navegaci\u00f3 d&#8217;un usuari o del seu equip i, depenent de la informaci\u00f3 que continguin i [&hellip;]<\/p>\n","protected":false},"author":1,"featured_media":0,"parent":0,"menu_order":0,"comment_status":"closed","ping_status":"closed","template":"","meta":{"footnotes":""},"class_list":["post-1146","page","type-page","status-publish","hentry"],"translation":{"provider":"WPGlobus","version":"3.0.0","language":"en","enabled_languages":["ca","es","en"],"languages":{"ca":{"title":true,"content":true,"excerpt":false},"es":{"title":true,"content":true,"excerpt":false},"en":{"title":true,"content":false,"excerpt":false}}},"_links":{"self":[{"href":"https:\/\/paletsdfusta.com\/en\/wp-json\/wp\/v2\/pages\/1146","targetHints":{"allow":["GET"]}}],"collection":[{"href":"https:\/\/paletsdfusta.com\/en\/wp-json\/wp\/v2\/pages"}],"about":[{"href":"https:\/\/paletsdfusta.com\/en\/wp-json\/wp\/v2\/types\/page"}],"author":[{"embeddable":true,"href":"https:\/\/paletsdfusta.com\/en\/wp-json\/wp\/v2\/users\/1"}],"replies":[{"embeddable":true,"href":"https:\/\/paletsdfusta.com\/en\/wp-json\/wp\/v2\/comments?post=1146"}],"version-history":[{"count":16,"href":"https:\/\/paletsdfusta.com\/en\/wp-json\/wp\/v2\/pages\/1146\/revisions"}],"predecessor-version":[{"id":1162,"href":"https:\/\/paletsdfusta.com\/en\/wp-json\/wp\/v2\/pages\/1146\/revisions\/1162"}],"wp:attachment":[{"href":"https:\/\/paletsdfusta.com\/en\/wp-json\/wp\/v2\/media?parent=1146"}],"curies":[{"name":"wp","href":"https:\/\/api.w.org\/{rel}","templated":true}]}}