{"id":1137,"date":"2018-09-04T11:27:59","date_gmt":"2018-09-04T11:27:59","guid":{"rendered":"https:\/\/paletsdfusta.com\/?page_id=1137"},"modified":"2018-09-04T11:27:59","modified_gmt":"2018-09-04T11:27:59","slug":"politica-de-privacitat-2018","status":"publish","type":"page","link":"https:\/\/paletsdfusta.com\/es\/politica-de-privacitat-2018\/","title":{"rendered":"POLITICA DE PRIVACIDAD"},"content":{"rendered":"<p><span style=\"color: #000000;\">(Revisado el 20 de junio del 2018)<\/span><br \/>\n<span style=\"color: #000000;\">En S.D. FUSTA, C.B. trabajamos para garantizar la privacidad en el tratamiento de sus datos personales. Hemos actualizado nuestra Pol\u00edtica de Privacidad para informar claramente de c\u00f3mo recabamos, utilizamos y custodiamos los datos de las personas que contactan con nuestra empresa:<\/span><br \/>\n<span style=\"color: #000000;\"> \u2022 Responsable del tratamiento<\/span><br \/>\n<span style=\"color: #000000;\"> \u2022 Finalidades del tratamiento de datos<\/span><br \/>\n<span style=\"color: #000000;\"> \u2022 Periodo de conservaci\u00f3n de datos<\/span><br \/>\n<span style=\"color: #000000;\"> \u2022 Legitimaci\u00f3n para el tratamiento de datos<\/span><br \/>\n<span style=\"color: #000000;\"> \u2022 Comunicaci\u00f3n de datos<\/span><br \/>\n<span style=\"color: #000000;\"> \u2022 Transferencias internacionales de datos<\/span><br \/>\n<span style=\"color: #000000;\"> \u2022 Sus derechos<\/span><br \/>\n<span style=\"color: #000000;\"> \u2022 Obtenci\u00f3n de sus datos.<\/span><\/p>\n<p><strong><span style=\"color: #000000;\">\u00bfQui\u00e9n es el responsable del tratamiento de sus datos?<\/span><\/strong><br \/>\n<span style=\"color: #000000;\">Raz\u00f3n social: S.D. FUSTA, C.B.<\/span><br \/>\n<span style=\"color: #000000;\">Nombre comercial: S.D. FUSTA<\/span><br \/>\n<span style=\"color: #000000;\">NIF: E-43476126<\/span><br \/>\n<span style=\"color: #000000;\">Direcci\u00f3n postal: POLIGON INDUSTRIAL LA DRECERA, CR. ENERGIA, A-1, 43470 SELVA DEL CAMP (Tarragona).<\/span><br \/>\n<span style=\"color: #000000;\">Tel\u00e9fono:\u00a0 +34 977 84 41 84<\/span><br \/>\n<span style=\"color: #000000;\">Correo electr\u00f3nico: info@paletsdfusta.com \/ sdfusta@paletsdfusta.com<\/span><\/p>\n<p><strong><span style=\"color: #000000;\">\u00bfCon que finalidad tratamos sus datos personales?<\/span><\/strong><br \/>\n<span style=\"color: #000000;\">En S.D. FUSTA, C.B. tratamos datos de contacto profesional con las siguientes finalidades, en funci\u00f3n del motivo por el que nos los haya facilitado:<\/span><br \/>\n<span style=\"color: #000000;\"> 1. Gestionar datos facilitados directamente por el propio interesado, como profesional o particular para informarle de nuestros productos y servicios, dar respuesta a su solicitud, petici\u00f3n o consulta y hacer un seguimiento posterior.<\/span><br \/>\n<span style=\"color: #000000;\"> 2. Gestionar, los datos proporcionados por el cliente en el momento de contratar nuestros servicios, a nivel organizativo, contable, fiscal y administrativo, as\u00ed como para informarle sobre servicios, eventos y noticias relacionadas con nuestra actividad profesional que puedan ser de su inter\u00e9s.<\/span><br \/>\n<span style=\"color: #000000;\"> 3. Gestionar los datos profesionales o particulares del USUARIO por su participaci\u00f3n en los diferentes eventos y actividades que organizamos y nos hayan autorizado para informarle sobre otras actividades o eventos que podamos organizar y que puedan ser de su inter\u00e9s.<\/span><br \/>\n<span style=\"color: #000000;\"> 4. Realizar, en caso de que se haya suscrito a nuestras Newsletters, el env\u00edo de las mismas tratando los datos facilitados para remit\u00edrsela.<\/span><br \/>\n<span style=\"color: #000000;\"> 5. Realizar, en su caso, el perfil de USUARIO para ofrecerle nuestros productos y servicios.<\/span><\/p>\n<p><strong><span style=\"color: #000000;\">\u00bfPor cu\u00e1nto tiempo conservaremos sus datos?<\/span><\/strong><br \/>\n<span style=\"color: #000000;\"> \u2022 Los datos para la gesti\u00f3n de la\u00a0relaci\u00f3n con el cliente y la facturaci\u00f3n y cobro de los servicios\u00a0ser\u00e1n conservados durante todo el tiempo en que el contrato est\u00e9 vigente. Una vez finalizada dicha relaci\u00f3n, en su caso, los datos podr\u00e1n ser conservados durante el tiempo exigido por la legislaci\u00f3n aplicable y hasta que prescriban las eventuales responsabilidades derivadas del contrato.<\/span><br \/>\n<span style=\"color: #000000;\"> \u2022 Los datos relativos a\u00a0publicaciones de comentarios\u00a0sobre nuestros productos se mantendr\u00e1n durante la vigencia y publicidad de los productos o servicios a los que hacen referencia, salvo que se exprese su deseo de que sean eliminados en cualquier momento.<\/span><br \/>\n<span style=\"color: #000000;\"> \u2022 Los datos para la\u00a0participaci\u00f3n en eventos y actividades se conservar\u00e1n durante el tiempo necesario para las finalidades descritas, salvo que se haya opuesto al tratamiento de los mismos o los haya cancelado previamente.<\/span><br \/>\n<span style=\"color: #000000;\"> \u2022 Los datos para el env\u00edo de Newsletters ser\u00e1n conservados indefinidamente hasta que, en su caso, nos manifiesten su voluntad de suprimirlos. <\/span><br \/>\n<span style=\"color: #000000;\"> \u2022 Los datos para el env\u00edo de\u00a0comunicaciones comerciales y elaboraci\u00f3n de perfiles comerciales\u00a0de nuestros productos o servicios ser\u00e1n conservados indefinidamente hasta que, en su caso, nos manifiesten su voluntad de suprimirlos.<\/span><\/p>\n<p><strong><span style=\"color: #000000;\">\u00bfCu\u00e1l es la legitimaci\u00f3n para el tratamiento de sus datos?<\/span><\/strong><br \/>\n<span style=\"color: #000000;\"> \u2022 La base legal para el tratamiento de sus datos de las finalidades 1 a 3 es la ejecuci\u00f3n contractual de la prestaci\u00f3n del servicio correspondiente.<\/span><br \/>\n<span style=\"color: #000000;\"> \u2022 La oferta prospectiva de productos y servicios a clientes tiene como base la satisfacci\u00f3n del inter\u00e9s leg\u00edtimo empresarial consistente en poder ofrecer a nuestros clientes la contrataci\u00f3n de otros productos o servicios y conseguir as\u00ed su fidelizaci\u00f3n. Dicho inter\u00e9s leg\u00edtimo se reconoce por la normativa legal aplicable (Reglamento General de Protecci\u00f3n de Datos), que permite expresamente el tratamiento de datos personales sobre esa base legal con fines de mercadotecnia directa.<\/span><\/p>\n<p><span style=\"color: #000000;\">No obstante, le recordamos que tiene derecho a oponerse a este tratamiento de sus datos, pudiendo hacerlo por cualquiera de los medios descritos en esta Pol\u00edtica.<\/span><br \/>\n<span style=\"color: #000000;\"> \u2022 La base del env\u00edo de comunicaciones comerciales a usuarios no clientes es el consentimiento que se ha solicitado, pudiendo ser revocado en cualquier momento. La retirada de dicho consentimiento no afectar\u00e1 en ning\u00fan caso a la ejecuci\u00f3n del contrato, pero los tratamientos de datos con ese fin efectuados con anterioridad no perder\u00e1n su licitud por el hecho de que el consentimiento se haya revocado.<\/span><\/p>\n<p><strong><span style=\"color: #000000;\">\u00bfA qu\u00e9 destinatarios se comunicar\u00e1n sus datos?<\/span><\/strong><br \/>\n<span style=\"color: #000000;\">No se ceder\u00e1n datos a terceros salvo a:<\/span><br \/>\n<span style=\"color: #000000;\"> \u2022 A las\u00a0entidades financieras\u00a0a trav\u00e9s de las que se articule la gesti\u00f3n de cobros y pagos.<\/span><br \/>\n<span style=\"color: #000000;\"> \u2022 A las\u00a0Administraciones p\u00fablicas\u00a0competentes, en los casos previstos en la Ley y para los fines en ella definidos.<\/span><\/p>\n<p><strong><span style=\"color: #000000;\">\u00bfTransferencias de datos a terceros pa\u00edses?<\/span><\/strong><br \/>\n<span style=\"color: #000000;\">No se realizan transferencias internacionales de datos.<\/span><\/p>\n<p><strong><span style=\"color: #000000;\">\u00bfCu\u00e1les son sus derechos cuando nos facilita sus datos?<\/span><\/strong><br \/>\n<span style=\"color: #000000;\"> \u2022 Cualquier persona tiene derecho a obtener confirmaci\u00f3n sobre si en S.D. FUSTA, C.B. estamos tratando datos personales que les conciernan, o no.<\/span><br \/>\n<span style=\"color: #000000;\"> \u2022 Las personas interesadas tienen derecho a acceder a sus datos personales, as\u00ed como a solicitar la rectificaci\u00f3n de los datos inexactos o, si es el caso, solicitar su supresi\u00f3n cuando, entre otros motivos, los datos ya no sean necesarios para los fines para los que fueron recogidos.<\/span><br \/>\n<span style=\"color: #000000;\"> \u2022 En determinadas circunstancias, los interesados podr\u00e1n solicitar la limitaci\u00f3n del tratamiento de sus datos o su portabilidad, en este caso \u00fanicamente los conservaremos para el ejercicio o la defensa de reclamaciones.<\/span><br \/>\n<span style=\"color: #000000;\"> \u2022 En determinadas circunstancias y por motivos relacionados con su situaci\u00f3n particular, los interesados podr\u00e1n oponerse al tratamiento de sus datos. En este caso, S.D. FUSTA, C.B. dejar\u00e1 de tratar los datos, excepto por motivos leg\u00edtimos imperiosos, o el ejercicio o la defensa de posibles reclamaciones.<\/span><\/p>\n<p><span style=\"color: #000000;\">Usted podr\u00e1 ejercer materialmente sus derechos de la siguiente manera:<\/span><br \/>\n<span style=\"color: #000000;\">-Por correo electr\u00f3nico adjuntando copia de su DNI a:\u00a0 info@paletsdfusta.com \/ sdfusta@paletsdfusta.com<\/span><br \/>\n<span style=\"color: #000000;\">-En la direcci\u00f3n de correo electr\u00f3nico indicada le proporcionaremos los formularios correspondientes para ejercitar materialmente estos derechos.<\/span><br \/>\n<span style=\"color: #000000;\"> \u2022 Si ha otorgado su consentimiento para alguna finalidad concreta, tiene derecho a retirar el consentimiento otorgado en cualquier momento, sin que esto afecte la licitud del tratamiento basado en su consentimiento previo a su retirada.<\/span><br \/>\n<span style=\"color: #000000;\"> \u2022 En caso de que considere vulnerados sus derechos por que se refiere a la protecci\u00f3n de sus datos personales, especialmente cuando no haya obtenido satisfacci\u00f3n en el ejercicio de sus derechos, puede presentar una reclamaci\u00f3n ante la Autoridad de Control en materia de protecci\u00f3n de datos competente a trav\u00e9s de su lugar web: www.agpd.es.<\/span><\/p>\n<p><strong><span style=\"color: #000000;\">\u00bfC\u00f3mo hemos obtenido sus datos?<\/span><\/strong><br \/>\n<span style=\"color: #000000;\"> \u2022 Los datos personales que tratamos en S.D. FUSTA, C.B. proceden de los propios interesados o su Representante legal.<\/span><\/p>\n<p><span style=\"color: #000000;\">\u2022\u00a0Le recordamos que no deben facilitar datos de terceros salvo que se tenga autorizaci\u00f3n de \u00e9stos y les haya informado previamente.<\/span><\/p>\n<p><span style=\"color: #000000;\">\u2022 No se tratan categor\u00edas especiales de datos personales (son aquellos datos que revelan el origen \u00e9tnico o racial, las opiniones pol\u00edticas, las convicciones religiosas o filos\u00f3ficas, o la afiliaci\u00f3n sindical, datos gen\u00e9ticos, datos biom\u00e9tricos dirigidos a identificar de manera un\u00edvoca a una persona f\u00edsica, datos relativos a la salud o datos relativos a la vida sexual o cual es la orientaci\u00f3n sexual de una persona f\u00edsica).<\/span><\/p>\n","protected":false},"excerpt":{"rendered":"<p>(Revisado el 20 de junio del 2018) En S.D. FUSTA, C.B. trabajamos para garantizar la privacidad en el tratamiento de sus datos personales. Hemos actualizado nuestra Pol\u00edtica de Privacidad para informar claramente de c\u00f3mo recabamos, utilizamos y custodiamos los datos de las personas que contactan con nuestra empresa: \u2022 Responsable del tratamiento \u2022 Finalidades del [&hellip;]<\/p>\n","protected":false},"author":1,"featured_media":0,"parent":0,"menu_order":0,"comment_status":"closed","ping_status":"closed","template":"","meta":{"footnotes":""},"class_list":["post-1137","page","type-page","status-publish","hentry"],"translation":{"provider":"WPGlobus","version":"3.0.0","language":"es","enabled_languages":["ca","es","en"],"languages":{"ca":{"title":true,"content":true,"excerpt":false},"es":{"title":true,"content":true,"excerpt":false},"en":{"title":true,"content":false,"excerpt":false}}},"_links":{"self":[{"href":"https:\/\/paletsdfusta.com\/es\/wp-json\/wp\/v2\/pages\/1137","targetHints":{"allow":["GET"]}}],"collection":[{"href":"https:\/\/paletsdfusta.com\/es\/wp-json\/wp\/v2\/pages"}],"about":[{"href":"https:\/\/paletsdfusta.com\/es\/wp-json\/wp\/v2\/types\/page"}],"author":[{"embeddable":true,"href":"https:\/\/paletsdfusta.com\/es\/wp-json\/wp\/v2\/users\/1"}],"replies":[{"embeddable":true,"href":"https:\/\/paletsdfusta.com\/es\/wp-json\/wp\/v2\/comments?post=1137"}],"version-history":[{"count":8,"href":"https:\/\/paletsdfusta.com\/es\/wp-json\/wp\/v2\/pages\/1137\/revisions"}],"predecessor-version":[{"id":1145,"href":"https:\/\/paletsdfusta.com\/es\/wp-json\/wp\/v2\/pages\/1137\/revisions\/1145"}],"wp:attachment":[{"href":"https:\/\/paletsdfusta.com\/es\/wp-json\/wp\/v2\/media?parent=1137"}],"curies":[{"name":"wp","href":"https:\/\/api.w.org\/{rel}","templated":true}]}}