{"id":1146,"date":"2018-09-04T11:27:40","date_gmt":"2018-09-04T11:27:40","guid":{"rendered":"https:\/\/paletsdfusta.com\/?page_id=1146"},"modified":"2018-09-04T11:27:40","modified_gmt":"2018-09-04T11:27:40","slug":"politica-de-cookies-2018","status":"publish","type":"page","link":"https:\/\/paletsdfusta.com\/es\/politica-de-cookies-2018\/","title":{"rendered":"POLITICA DE COOKIES"},"content":{"rendered":"<p><span style=\"color: #000000;\"><strong>\u00bfQu\u00e9 es una cookie?<\/strong><\/span><\/p>\n<p><span style=\"color: #000000;\">Una cookie es un fichero que se descarga en su ordenador al acceder el Usuario a determinadas p\u00e1ginas web. Las cookies permiten a una p\u00e1gina web, entre otras cosas, almacenar y recuperar informaci\u00f3n sobre los h\u00e1bitos de navegaci\u00f3n de un usuario o de su equipo y, dependiendo de la informaci\u00f3n que contengan y de la forma en que utilice su equipo, pueden utilizarse para reconocer al usuario.<\/span><\/p>\n<p><strong><span style=\"color: #000000;\">\u00bfQu\u00e9 tipos de cookies existen?<\/span><\/strong><\/p>\n<p><span style=\"color: #000000;\">Existen varios tipos de cookies en funci\u00f3n de distintos criterios:<\/span><\/p>\n<p><span style=\"color: #000000;\">En funci\u00f3n del tiempo que permanecen activadas:<\/span><\/p>\n<p><span style=\"color: #000000;\">\u2022 Cookies de sesi\u00f3n. Son un tipo de cookies dise\u00f1adas para recabar y almacenar datos mientras el usuario accede a una p\u00e1gina web.<\/span><br \/>\n<span style=\"color: #000000;\"> \u2022 Cookies permanentes: Son un tipo de cookies en el que los datos siguen almacenados en el terminal y pueden ser accedidos y tratados durante un periodo definido por el responsable de la cookie.<\/span><\/p>\n<p><span style=\"color: #000000;\">En funci\u00f3n de la titularidad:<\/span><\/p>\n<p><span style=\"color: #000000;\">\u2022 Cookies propias. Son las que pertenecen a S.D. FUSTA, C.B.<\/span><br \/>\n<span style=\"color: #000000;\"> \u2022 Cookies de terceros. Son aquellas cuya titularidad es de un tercero, distinto de S.D. FUSTA, C.B., que ser\u00e1 quien trate la informaci\u00f3n recabada.<\/span><\/p>\n<p><span style=\"color: #000000;\">En funci\u00f3n de su finalidad:<\/span><\/p>\n<p><span style=\"color: #000000;\">\u2022 Cookies t\u00e9cnicas y\/o de personalizaci\u00f3n. Son aqu\u00e9llas que sirven para mejorar el servicio, localizar incidencias, reconocer al usuario, etc.<\/span><br \/>\n<span style=\"color: #000000;\"> \u2022 Cookies de an\u00e1lisis y\/o de publicidad. Son aqu\u00e9llas que sirven para analizar informaci\u00f3n sobre la navegaci\u00f3n y ofrecer publicidad, sea gen\u00e9rica o personalizada.<\/span><\/p>\n<p><strong><span style=\"color: #000000;\">\u00bfQu\u00e9 tipos de cookies son m\u00e1s habituales?<\/span><\/strong><\/p>\n<p><span style=\"color: #000000;\">T\u00c9CNICAS: Son cookies PROPIAS, de sesi\u00f3n, de identificaci\u00f3n, de configuraci\u00f3n y de registro, estrictamente necesarias para la identificaci\u00f3n del usuario y para la prestaci\u00f3n de los servicios solicitados por el usuario. La informaci\u00f3n obtenida a trav\u00e9s de las mismas es tratada \u00fanicamente por S.D. FUSTA, C.B.<\/span><br \/>\n<span style=\"color: #000000;\">.<\/span><br \/>\n<span style=\"color: #000000;\">DE AN\u00c1LISIS: Son aqu\u00e9llas que, bien tratadas por nosotros o por terceros, nos permiten cuantificar el n\u00famero de usuarios y as\u00ed realizar la medici\u00f3n y an\u00e1lisis estad\u00edstico de la utilizaci\u00f3n que hacen los usuarios del servicio ofertado. Para ello se analiza su navegaci\u00f3n en nuestra p\u00e1gina web con el fin de mejorar la oferta de productos o servicios que le ofrecemos.<\/span><\/p>\n<p><span style=\"color: #000000;\">DE PUBLICIDAD: Son aqu\u00e9llas que, bien tratadas por nosotros o por terceros, permiten la gesti\u00f3n, de la forma m\u00e1s eficaz posible, de los espacios publicitarios que se pudieran incluir en nuestra p\u00e1gina web y\/o almacenan informaci\u00f3n del comportamiento de los usuarios obtenida a trav\u00e9s de la observaci\u00f3n continuada. Gracias a ellas, podemos conocer los h\u00e1bitos de navegaci\u00f3n en internet y mostrarle publicidad relacionada con su perfil de navegaci\u00f3n.<\/span><\/p>\n<p><strong><span style=\"color: #000000;\">\u00bfPara qu\u00e9 sirve una cookie?<\/span><\/strong><\/p>\n<p><span style=\"color: #000000;\">Las cookies se utilizan para poder ofrecerle servicios y\/o publicidad personalizados, para analizar el funcionamiento del sistema, reconocerle cuando accede como usuario, localizar incidencias y problemas que puedan surgir y solventarlos en el menor plazo posible, as\u00ed como analizar y medir el uso y actividad de la p\u00e1gina web.<\/span><\/p>\n<p><strong><span style=\"color: #000000;\">\u00bfSe necesita mi consentimiento para implantar una cookie?<\/span><\/strong><\/p>\n<p><span style=\"color: #000000;\">No se precisa el consentimiento para la instalaci\u00f3n de cookies t\u00e9cnicas o las que sean estrictamente necesarias para la prestaci\u00f3n de un servicio de la sociedad de la informaci\u00f3n expresamente solicitado por el destinatario.<\/span><\/p>\n<p><span style=\"color: #000000;\">Para el resto, s\u00ed se precisa del consentimiento del interesado que se puede solicitar por distintas v\u00edas. En el caso de S.D. FUSTA, C.B., se entender\u00e1 otorgado si Vd. sigue utilizando la p\u00e1gina web, sin perjuicio de que en cualquier momento podr\u00e1 revocarlo y desactivar las cookies.<\/span><\/p>\n<p><strong><span style=\"color: #000000;\">\u00bfQu\u00e9 tipos de cookies utiliza esta p\u00e1gina web?<\/span><\/strong><br \/>\n<span style=\"color: #000000;\">Cookies t\u00e9cnicas: Son aquellas creadas y gestionadas \u00fanicamente por nosotros, y permiten al usuario la navegaci\u00f3n a trav\u00e9s de nuestra p\u00e1gina web y la utilizaci\u00f3n de las diferentes opciones como, por ejemplo, identificar la sesi\u00f3n, personalizar informaci\u00f3n o acceder a zonas de acceso restringido.<\/span><br \/>\n<span style=\"color: #000000;\">El lugar web de S.D. FUSTA, C.B., utiliza (o puede utilizar) Google Analytics, una herramienta de anal\u00edtica web desarrollada por Google, que ayuda a los propietarios de sitios web a medir c\u00f3mo interact\u00faan los usuarios con el contenido del sitio. Para la prestaci\u00f3n de estos servicios, Google Analytics utilizan cookies que recopilan la informaci\u00f3n, incluida la direcci\u00f3n IP del usuario que ser\u00e1 trasmitida, tratada y almacenada por Google en los t\u00e9rminos fijados en la web Google.com.<\/span><br \/>\n<span style=\"color: #000000;\"> Para m\u00e1s informaci\u00f3n ver: https:\/\/developers.google.com\/analytics\/devguides\/collection\/analyticsjs\/cookie-usage <\/span><br \/>\n<span style=\"color: #000000;\">El dominio web www.paletsdfusta.com utiliza los siguientes tipos de cookies:<\/span><\/p>\n<table width=\"566\" cellspacing=\"0\" cellpadding=\"7\">\n<colgroup>\n<col width=\"183\" \/>\n<col width=\"247\" \/>\n<col width=\"92\" \/> <\/colgroup>\n<tbody>\n<tr valign=\"top\">\n<td width=\"183\"><span style=\"font-family: Candara, serif; color: #000000;\"><span style=\"font-size: xx-small;\">Nombre de la cookie<\/span><\/span><\/td>\n<td width=\"247\"><span style=\"font-family: Candara, serif; color: #000000;\"><span style=\"font-size: xx-small;\">Finalidad<\/span><\/span><\/td>\n<td width=\"92\"><span style=\"font-family: Candara, serif; color: #000000;\"><span style=\"font-size: xx-small;\">Expira<\/span><\/span><\/td>\n<\/tr>\n<tr valign=\"top\">\n<td width=\"183\"><span style=\"font-family: Candara, serif; color: #000000;\"><span style=\"font-size: xx-small;\">_ga<\/span><\/span><\/td>\n<td width=\"247\">\n<p align=\"justify\"><span style=\"font-family: Candara, serif; color: #000000;\"><span style=\"font-size: xx-small;\">Se utiliza para diferenciar entre usuarios y sesiones. La cookie se crea al cargar la libreta javascript y no hay una versi\u00f3n previa de la cookie _ga. La cookie se utiliza cada vez que env\u00eda los datos a Google Analytics.<\/span><\/span><\/p>\n<\/td>\n<td width=\"92\">\n<p align=\"center\"><span style=\"font-family: Candara, serif; color: #000000;\"><span style=\"font-size: xx-small;\">2 a\u00f1os<\/span><\/span><\/p>\n<\/td>\n<\/tr>\n<tr valign=\"top\">\n<td width=\"183\"><span style=\"font-family: Candara, serif; color: #000000;\"><span style=\"font-size: xx-small;\">_gid<\/span><\/span><\/td>\n<td width=\"247\">\n<p align=\"justify\"><span style=\"font-family: Candara, serif; color: #000000;\"><span style=\"font-size: xx-small;\">Se utiliza para distinguir a los usuarios. Cookie de Google Analytics.<\/span><\/span><\/p>\n<\/td>\n<td width=\"92\">\n<p align=\"center\"><span style=\"font-family: Candara, serif; color: #000000;\"><span style=\"font-size: xx-small;\">24 horas<\/span><\/span><\/p>\n<\/td>\n<\/tr>\n<tr valign=\"top\">\n<td width=\"183\"><span style=\"font-family: Candara, serif; color: #000000;\"><span style=\"font-size: xx-small;\">PHPSESSID<\/span><\/span><\/td>\n<td width=\"247\">\n<p align=\"justify\"><span style=\"font-family: Candara, serif; color: #000000;\"><span style=\"font-size: xx-small;\">Su finalidad es la de controlar la sesi\u00f3n del usuario. Necesarias para la navegaci\u00f3n y el buen funcionamiento de nuestra p\u00e1gina web.<\/span><\/span><\/p>\n<\/td>\n<td width=\"92\">\n<p align=\"center\"><span style=\"font-family: Candara, serif; color: #000000;\"><span style=\"font-size: xx-small;\">Al finalizar la sesi\u00f3n<\/span><\/span><\/p>\n<\/td>\n<\/tr>\n<tr valign=\"top\">\n<td width=\"183\"><span style=\"font-family: Candara, serif; color: #000000;\"><span style=\"font-size: xx-small;\">wpglobus-language<\/span><\/span><\/td>\n<td width=\"247\">\n<p align=\"justify\"><span style=\"color: #000000;\"><span style=\"font-family: Candara, serif;\"><span style=\"font-size: xx-small;\">Recordar el idioma elegido por el Usuario.<\/span><\/span><\/span><\/p>\n<\/td>\n<td width=\"92\">\n<p align=\"center\"><span style=\"font-family: Candara, serif; color: #000000;\"><span style=\"font-size: xx-small;\">Persistente.<\/span><\/span><\/p>\n<\/td>\n<\/tr>\n<\/tbody>\n<\/table>\n<p><strong><span style=\"color: #000000;\">\u00bfC\u00f3mo desactivar cookies?<\/span><\/strong><br \/>\n<span style=\"color: #000000;\">Puede permitir, bloquear o eliminar las cookies instaladas en su equipo mediante la configuraci\u00f3n de las opciones del navegador instalado en su ordenador.<\/span><\/p>\n<p><span style=\"color: #000000;\">\u2022 Firefox : https:\/\/support.mozilla.org\/es\/kb\/habilitar-y-deshabilitar-cookies-sitios-web-rastrear-preferencias?redirectlocale=es&amp;redirectslug=habilitar-y-deshabilitar-cookies-que-los-sitios-we<\/span><\/p>\n<p><span style=\"color: #000000;\">\u2022 Chrome: https:\/\/support.google.com\/chrome\/answer\/95647?hl=es<\/span><\/p>\n<p><span style=\"color: #000000;\">\u2022 Internet Explorer: https:\/\/support.microsoft.com\/es-es\/products\/windows?os=windows-10<\/span><\/p>\n<p><span style=\"color: #000000;\">\u2022 Safari: https:\/\/support.apple.com\/kb\/ph5042?locale=es_ES<\/span><\/p>\n<p><span style=\"color: #000000;\">\u2022 Safari para iOS: https:\/\/support.apple.com\/es-es\/HT201265<\/span><\/p>\n<p><span style=\"color: #000000;\">\u2022 Opera: http:\/\/help.opera.com\/Windows\/11.50\/es-ES\/cookies.html<\/span><\/p>\n","protected":false},"excerpt":{"rendered":"<p>\u00bfQu\u00e9 es una cookie? Una cookie es un fichero que se descarga en su ordenador al acceder el Usuario a determinadas p\u00e1ginas web. Las cookies permiten a una p\u00e1gina web, entre otras cosas, almacenar y recuperar informaci\u00f3n sobre los h\u00e1bitos de navegaci\u00f3n de un usuario o de su equipo y, dependiendo de la informaci\u00f3n que [&hellip;]<\/p>\n","protected":false},"author":1,"featured_media":0,"parent":0,"menu_order":0,"comment_status":"closed","ping_status":"closed","template":"","meta":{"footnotes":""},"class_list":["post-1146","page","type-page","status-publish","hentry"],"translation":{"provider":"WPGlobus","version":"3.0.0","language":"es","enabled_languages":["ca","es","en"],"languages":{"ca":{"title":true,"content":true,"excerpt":false},"es":{"title":true,"content":true,"excerpt":false},"en":{"title":true,"content":false,"excerpt":false}}},"_links":{"self":[{"href":"https:\/\/paletsdfusta.com\/es\/wp-json\/wp\/v2\/pages\/1146","targetHints":{"allow":["GET"]}}],"collection":[{"href":"https:\/\/paletsdfusta.com\/es\/wp-json\/wp\/v2\/pages"}],"about":[{"href":"https:\/\/paletsdfusta.com\/es\/wp-json\/wp\/v2\/types\/page"}],"author":[{"embeddable":true,"href":"https:\/\/paletsdfusta.com\/es\/wp-json\/wp\/v2\/users\/1"}],"replies":[{"embeddable":true,"href":"https:\/\/paletsdfusta.com\/es\/wp-json\/wp\/v2\/comments?post=1146"}],"version-history":[{"count":16,"href":"https:\/\/paletsdfusta.com\/es\/wp-json\/wp\/v2\/pages\/1146\/revisions"}],"predecessor-version":[{"id":1162,"href":"https:\/\/paletsdfusta.com\/es\/wp-json\/wp\/v2\/pages\/1146\/revisions\/1162"}],"wp:attachment":[{"href":"https:\/\/paletsdfusta.com\/es\/wp-json\/wp\/v2\/media?parent=1146"}],"curies":[{"name":"wp","href":"https:\/\/api.w.org\/{rel}","templated":true}]}}