{"id":95,"date":"2015-02-02T13:39:43","date_gmt":"2015-02-02T13:39:43","guid":{"rendered":"http:\/\/paletsdfusta.com\/web\/?page_id=95"},"modified":"2016-04-03T19:42:39","modified_gmt":"2016-04-03T19:42:39","slug":"estaques","status":"publish","type":"page","link":"https:\/\/paletsdfusta.com\/es\/estaques\/","title":{"rendered":"Estacas"},"content":{"rendered":"<p><span style=\"color: #000000;\"><strong>Estacas para topograf\u00eda<\/strong><\/span><br \/>\n<span style=\"color: #000000;\">Disponemos de stock permanente de estacas de diferentes longitudes para topograf\u00eda, desde 20 cm hasta 100 cm y grueso de 3\u00d73 cm, con punta a 4 caras presentados en paquetes de 25 unidades rectratiladas en film transparente.<\/span><br \/>\n<span style=\"color: #000000;\">Disponemos de madera certificada PFEC para la elaboraci\u00f3n de nuestros productos.<\/span><\/p>\n\n\t\t\t<div class=\"gallery_clear\"><\/div>\n\t\t\t<div id=\"gallery_95_1\" class=\"photospace_res\">\n\t\t\t\t\n\t\t\t\t<!-- Start Advanced Gallery Html Containers -->\n\t\t\t\t<div class=\"thumbs_wrap2\">\n\t\t\t\t\t<div class=\"thumbs_wrap\">\n\t\t\t\t\t\t<div id=\"thumbs_95_1\" class=\"thumnail_row \" >\n\t\t\t\t\t\t\t\t\t<div class=\"psr_paging\">\n\t\t\t\t\t\t\t\t\t\t<a class=\"pageLink prev\" style=\"display:none; opacity:0; cursor: default;\" href=\"#\" title=\"Previous Page\"><\/a>\n\t\t\t\t\t\t\t\t\t\t<a class=\"pageLink next\" style=\"display:none; opacity:0; cursor: default;\" href=\"#\" title=\"Next Page\"><\/a>\n\t\t\t\t\t\t\t\t\t<\/div>\n\t\t\t\t\t\t\t\t\n\t\t\t\t\t\t\t<ul class=\"thumbs noscript\">\n\t\t\t\t\t\t\t\t\t\t<li><a class=\"thumb\" href=\"https:\/\/paletsdfusta.com\/wp-content\/uploads\/2015\/02\/IMG_5359.jpg\" title=\"IMG_5359\" >\n\t\t\t\t\t\t\t\t\t\t\t\t<img decoding=\"async\" src=\"https:\/\/paletsdfusta.com\/wp-content\/uploads\/2015\/02\/IMG_5359.jpg\" alt=\"\" title=\"IMG_5359\" \/>\n\t\t\t\t\t\t\t\t\t\t\t<\/a>\n\t\t\t\t\t\t\t\t\t\t\t\n\t\t\t\t\t\t\t\t\t\t\t<div class=\"caption\">\n\t\t\t\t\t\t\t\t\t\t\t\t\n\n\t\t\t\t\t\t\t\t\t\t\t\t<a class=\"pageLink next\" style=\"display:none; opacity:0; cursor: default;\" href=\"#\" title=\"Next Page\"><\/a>\n\n\t\t\t\t\t\t\t\t\t\t\t<\/div>\n\t\t\t\t\t\t\t\t\t\t\t\n\t\t\t\t\t\t\t\t\t\t<\/li>\n\t\t\t\t\t\t\t\t\t\n\t\t\t\t\t\t\t\t\t\t<li><a class=\"thumb\" href=\"https:\/\/paletsdfusta.com\/wp-content\/uploads\/2015\/02\/IMG_2668.jpg\" title=\"IMG_2668\" >\n\t\t\t\t\t\t\t\t\t\t\t\t<img decoding=\"async\" src=\"https:\/\/paletsdfusta.com\/wp-content\/uploads\/2015\/02\/IMG_2668.jpg\" alt=\"\" title=\"IMG_2668\" \/>\n\t\t\t\t\t\t\t\t\t\t\t<\/a>\n\t\t\t\t\t\t\t\t\t\t\t\n\t\t\t\t\t\t\t\t\t\t\t<div class=\"caption\">\n\t\t\t\t\t\t\t\t\t\t\t\t\n\n\t\t\t\t\t\t\t\t\t\t\t\t<a class=\"pageLink next\" style=\"display:none; opacity:0; cursor: default;\" href=\"#\" title=\"Next Page\"><\/a>\n\n\t\t\t\t\t\t\t\t\t\t\t<\/div>\n\t\t\t\t\t\t\t\t\t\t\t\n\t\t\t\t\t\t\t\t\t\t<\/li>\n\t\t\t\t\t\t\t\t\t\n\t\t\t\t\t\t\t<\/ul>\n\n\t\t\t\t\t\t<\/div>\n\t\t\t\t\t<\/div>\n\t\t\t\t<\/div>\n\n\t\t\t\t<!-- Start Advanced Gallery Html Containers -->\n\t\t\t\t<div class=\"gal_content\">\n\t\t\t\t\t\n\t\t\t\t\t<div class=\"slideshow-container\">\n\t\t\t\t\t\t<div id=\"loading_95_1\" class=\"loader\"><\/div>\n\t\t\t\t\t\t<div id=\"slideshow_95_1\" class=\"slideshow\"><\/div>\n\t\t\t\t\t\t<div id=\"caption_95_1\" class=\"caption-container\"><\/div>\n\t\t\t\t\t<\/div>\n\n\t\t\t\t<\/div>\n\n\t\t<\/div>\n\n\t\t<div class=\"gallery_clear\"><\/div>\n\n\t\t\n\n\t\t<script type='text\/javascript'>\n\n\t\t\t\tjQuery(document).ready(function($) {\n\n\t\t\t\t\t\/\/ We only want these styles applied when javascript is enabled\n\t\t\t\t\t$('.gal_content').css('display', 'block');\n\t\t\t\t\t\n\n\t\t\t\t\t\/\/ Initialize Advanced Galleriffic Gallery\n\t\t\t\t\tvar gallery = $('#thumbs_95_1').galleriffic({\n\t\t\t\t\t\tdelay:                     0,\n\t\t\t\t\t\tnumThumbs:                 0,\n\t\t\t\t\t\tpreloadAhead:              0,\n\t\t\t\t\t\tenableTopPager:            false,\n\t\t\t\t\t\tenableBottomPager:         false,\n\t\t\t\t\t\timageContainerSel:         '#slideshow_95_1',\n\t\t\t\t\t\tcontrolsContainerSel:      '#controls_95_1',\n\t\t\t\t\t\tcaptionContainerSel:       '#caption_95_1',\n\t\t\t\t\t\tloadingContainerSel:       '#loading_95_1',\n\t\t\t\t\t\trenderSSControls:          true,\n\t\t\t\t\t\trenderNavControls:         false,\n\t\t\t\t\t\tplayLinkText:              '',\n\t\t\t\t\t\tpauseLinkText:             '',\n\t\t\t\t\t\tenableHistory:              false,\n\t\t\t\t\t\tautoStart:                 \tfalse,\n\t\t\t\t\t\tenableKeyboardNavigation:\t\ttrue,\n\t\t\t\t\t\tsyncTransitions:           \tfalse,\n\t\t\t\t\t\tdefaultTransitionDuration: \t300,\n\n\t\t\t\t\t\tonTransitionOut:           function(slide, caption, isSync, callback) {\n\t\t\t\t\t\t\tslide.fadeTo(this.getDefaultTransitionDuration(isSync), 0.0, callback);\n\t\t\t\t\t\t\tcaption.fadeTo(this.getDefaultTransitionDuration(isSync), 0.0);\n\t\t\t\t\t\t},\n\t\t\t\t\t\tonTransitionIn:            function(slide, caption, isSync) {\n\t\t\t\t\t\t\tvar duration = this.getDefaultTransitionDuration(isSync);\n\t\t\t\t\t\t\tslide.fadeTo(duration, 1.0);\n\n\t\t\t\t\t\t\t\/\/ Position the caption at the bottom of the image and set its opacity\n\t\t\t\t\t\t\tvar slideImage = slide.find('img');\n\t\t\t\t\t\t\tcaption.fadeTo(duration, 1.0);\n\n\t\t\t\t\t\t},\n\t\t\t\t\t\tonPageTransitionOut:       function(callback) {\n\t\t\t\t\t\t\t\/\/this.hide();\n\t\t\t\t\t\t\tsetTimeout(callback, 100); \/\/ wait a bit\n\t\t\t\t\t\t},\n\t\t\t\t\t\tonPageTransitionIn:        function() {\n\t\t\t\t\t\t\tvar prevPageLink = this.find('a.prev').css({'opacity': '0.3' , 'display' : 'inline-block', 'cursor' : 'default'});\n\t\t\t\t\t\t\tvar nextPageLink = this.find('a.next').css({'opacity': '0.3' , 'display' : 'inline-block', 'cursor' : 'default'});\n\n\t\t\t\t\t\t\t\/\/ Show appropriate next \/ prev page links\n\t\t\t\t\t\t\tif (this.displayedPage > 0)\n\t\t\t\t\t\t\t\tprevPageLink.css({'opacity' : '1' , 'display' : 'inline-block', 'cursor' : 'pointer'});\n\n\t\t\t\t\t\t\tvar lastPage = this.getNumPages() - 1;\n\t\t\t\t\t\t\tif (this.displayedPage < lastPage)\n\t\t\t\t\t\t\t\tnextPageLink.css({'opacity' : '1' , 'display' : 'inline-block', 'cursor' : 'pointer'});\n\n\t\t\t\t\t\t\tthis.fadeTo('fast', 1.0);\n\t\t\t\t\t\t}\n\n\t\t\t\t\t});\n\n\t\t\t\t\t\n\n\t\t\t\t\t\/**************** Event handlers for custom next \/ prev page links **********************\/\n\n\t\t\t\t\tgallery.find('a.prev').click(function(e) {\n\t\t\t\t\t\tgallery.previousPage();\n\t\t\t\t\t\te.preventDefault();\n\t\t\t\t\t});\n\n\t\t\t\t\tgallery.find('a.next').click(function(e) {\n\t\t\t\t\t\tgallery.nextPage();\n\t\t\t\t\t\te.preventDefault();\n\t\t\t\t\t});\n\n\t\t\t\t});\n\t\t\t<\/script>\n\n\t\t\t\n<p style=\"text-align: justify;\">\n","protected":false},"excerpt":{"rendered":"<p>Estacas para topograf\u00eda Disponemos de stock permanente de estacas de diferentes longitudes para topograf\u00eda, desde 20 cm hasta 100 cm y grueso de 3\u00d73 cm, con punta a 4 caras presentados en paquetes de 25 unidades rectratiladas en film transparente. Disponemos de madera certificada PFEC para la elaboraci\u00f3n de nuestros productos.<\/p>\n","protected":false},"author":1,"featured_media":0,"parent":0,"menu_order":0,"comment_status":"open","ping_status":"open","template":"","meta":{"footnotes":""},"class_list":["post-95","page","type-page","status-publish","hentry"],"translation":{"provider":"WPGlobus","version":"3.0.0","language":"es","enabled_languages":["ca","es","en"],"languages":{"ca":{"title":true,"content":true,"excerpt":false},"es":{"title":true,"content":true,"excerpt":false},"en":{"title":true,"content":true,"excerpt":false}}},"_links":{"self":[{"href":"https:\/\/paletsdfusta.com\/es\/wp-json\/wp\/v2\/pages\/95","targetHints":{"allow":["GET"]}}],"collection":[{"href":"https:\/\/paletsdfusta.com\/es\/wp-json\/wp\/v2\/pages"}],"about":[{"href":"https:\/\/paletsdfusta.com\/es\/wp-json\/wp\/v2\/types\/page"}],"author":[{"embeddable":true,"href":"https:\/\/paletsdfusta.com\/es\/wp-json\/wp\/v2\/users\/1"}],"replies":[{"embeddable":true,"href":"https:\/\/paletsdfusta.com\/es\/wp-json\/wp\/v2\/comments?post=95"}],"version-history":[{"count":32,"href":"https:\/\/paletsdfusta.com\/es\/wp-json\/wp\/v2\/pages\/95\/revisions"}],"predecessor-version":[{"id":964,"href":"https:\/\/paletsdfusta.com\/es\/wp-json\/wp\/v2\/pages\/95\/revisions\/964"}],"wp:attachment":[{"href":"https:\/\/paletsdfusta.com\/es\/wp-json\/wp\/v2\/media?parent=95"}],"curies":[{"name":"wp","href":"https:\/\/api.w.org\/{rel}","templated":true}]}}