{"id":97,"date":"2015-02-02T13:39:50","date_gmt":"2015-02-02T13:39:50","guid":{"rendered":"http:\/\/paletsdfusta.com\/web\/?page_id=97"},"modified":"2016-10-31T17:45:33","modified_gmt":"2016-10-31T17:45:33","slug":"palets","status":"publish","type":"page","link":"https:\/\/paletsdfusta.com\/es\/palets\/","title":{"rendered":"Palets"},"content":{"rendered":"<p style=\"text-align: justify;\"><span style=\"color: #000000;\">Fabricamos para cada cliente el palet m\u00e1s adecuado, en formato, dimensi\u00f3n y resistencia, porque pueda transportar sus productos con total garant\u00eda y seguridad.<\/span><\/p>\n<ul style=\"text-align: justify;\">\n<li>\n<h6><span style=\"color: #000000;\">Palets de medidas especiales<\/span><\/h6>\n<\/li>\n<\/ul>\n<p style=\"text-align: justify;\"><span style=\"color: #000000;\">Son palets fabricados a medida, siguiendo las instrucciones del cliente, y que por sus caracter\u00edsticas, dimensiones y cantidades se alejan de los tipo est\u00e1ndar y habitualmente necesitan ser montados de forma manual.<\/span><\/p>\n\n\t\t\t<div class=\"gallery_clear\"><\/div>\n\t\t\t<div id=\"gallery_97_1\" class=\"photospace_res\">\n\t\t\t\t\n\t\t\t\t<!-- Start Advanced Gallery Html Containers -->\n\t\t\t\t<div class=\"thumbs_wrap2\">\n\t\t\t\t\t<div class=\"thumbs_wrap\">\n\t\t\t\t\t\t<div id=\"thumbs_97_1\" class=\"thumnail_row \" >\n\t\t\t\t\t\t\t\t\t<div class=\"psr_paging\">\n\t\t\t\t\t\t\t\t\t\t<a class=\"pageLink prev\" style=\"display:none; opacity:0; cursor: default;\" href=\"#\" title=\"Previous Page\"><\/a>\n\t\t\t\t\t\t\t\t\t\t<a class=\"pageLink next\" style=\"display:none; opacity:0; cursor: default;\" href=\"#\" title=\"Next Page\"><\/a>\n\t\t\t\t\t\t\t\t\t<\/div>\n\t\t\t\t\t\t\t\t\n\t\t\t\t\t\t\t<ul class=\"thumbs noscript\">\n\t\t\t\t\t\t\t\t\t\t<li><a class=\"thumb\" href=\"https:\/\/paletsdfusta.com\/wp-content\/uploads\/2015\/02\/IMG00638-20130923-1855.jpg\" title=\"IMG00638-20130923-1855\" >\n\t\t\t\t\t\t\t\t\t\t\t\t<img decoding=\"async\" src=\"https:\/\/paletsdfusta.com\/wp-content\/uploads\/2015\/02\/IMG00638-20130923-1855.jpg\" alt=\"\" title=\"IMG00638-20130923-1855\" \/>\n\t\t\t\t\t\t\t\t\t\t\t<\/a>\n\t\t\t\t\t\t\t\t\t\t\t\n\t\t\t\t\t\t\t\t\t\t\t<div class=\"caption\">\n\t\t\t\t\t\t\t\t\t\t\t\t\n\n\t\t\t\t\t\t\t\t\t\t\t\t<a class=\"pageLink next\" style=\"display:none; opacity:0; cursor: default;\" href=\"#\" title=\"Next Page\"><\/a>\n\n\t\t\t\t\t\t\t\t\t\t\t<\/div>\n\t\t\t\t\t\t\t\t\t\t\t\n\t\t\t\t\t\t\t\t\t\t<\/li>\n\t\t\t\t\t\t\t\t\t\n\t\t\t\t\t\t\t\t\t\t<li><a class=\"thumb\" href=\"https:\/\/paletsdfusta.com\/wp-content\/uploads\/2015\/02\/IMG00344-20121009-1125.jpg\" title=\"IMG00344-20121009-1125\" >\n\t\t\t\t\t\t\t\t\t\t\t\t<img decoding=\"async\" src=\"https:\/\/paletsdfusta.com\/wp-content\/uploads\/2015\/02\/IMG00344-20121009-1125.jpg\" alt=\"\" title=\"IMG00344-20121009-1125\" \/>\n\t\t\t\t\t\t\t\t\t\t\t<\/a>\n\t\t\t\t\t\t\t\t\t\t\t\n\t\t\t\t\t\t\t\t\t\t\t<div class=\"caption\">\n\t\t\t\t\t\t\t\t\t\t\t\t\n\n\t\t\t\t\t\t\t\t\t\t\t\t<a class=\"pageLink next\" style=\"display:none; opacity:0; cursor: default;\" href=\"#\" title=\"Next Page\"><\/a>\n\n\t\t\t\t\t\t\t\t\t\t\t<\/div>\n\t\t\t\t\t\t\t\t\t\t\t\n\t\t\t\t\t\t\t\t\t\t<\/li>\n\t\t\t\t\t\t\t\t\t\n\t\t\t\t\t\t\t\t\t\t<li><a class=\"thumb\" href=\"https:\/\/paletsdfusta.com\/wp-content\/uploads\/2015\/02\/IMG00192-20120222-1737.jpg\" title=\"IMG00192-20120222-1737\" >\n\t\t\t\t\t\t\t\t\t\t\t\t<img decoding=\"async\" src=\"https:\/\/paletsdfusta.com\/wp-content\/uploads\/2015\/02\/IMG00192-20120222-1737.jpg\" alt=\"\" title=\"IMG00192-20120222-1737\" \/>\n\t\t\t\t\t\t\t\t\t\t\t<\/a>\n\t\t\t\t\t\t\t\t\t\t\t\n\t\t\t\t\t\t\t\t\t\t\t<div class=\"caption\">\n\t\t\t\t\t\t\t\t\t\t\t\t\n\n\t\t\t\t\t\t\t\t\t\t\t\t<a class=\"pageLink next\" style=\"display:none; opacity:0; cursor: default;\" href=\"#\" title=\"Next Page\"><\/a>\n\n\t\t\t\t\t\t\t\t\t\t\t<\/div>\n\t\t\t\t\t\t\t\t\t\t\t\n\t\t\t\t\t\t\t\t\t\t<\/li>\n\t\t\t\t\t\t\t\t\t\n\t\t\t\t\t\t\t\t\t\t<li><a class=\"thumb\" href=\"https:\/\/paletsdfusta.com\/wp-content\/uploads\/2015\/02\/IMG00189-20120217-1735.jpg\" title=\"IMG00189-20120217-1735\" >\n\t\t\t\t\t\t\t\t\t\t\t\t<img decoding=\"async\" src=\"https:\/\/paletsdfusta.com\/wp-content\/uploads\/2015\/02\/IMG00189-20120217-1735.jpg\" alt=\"\" title=\"IMG00189-20120217-1735\" \/>\n\t\t\t\t\t\t\t\t\t\t\t<\/a>\n\t\t\t\t\t\t\t\t\t\t\t\n\t\t\t\t\t\t\t\t\t\t\t<div class=\"caption\">\n\t\t\t\t\t\t\t\t\t\t\t\t\n\n\t\t\t\t\t\t\t\t\t\t\t\t<a class=\"pageLink next\" style=\"display:none; opacity:0; cursor: default;\" href=\"#\" title=\"Next Page\"><\/a>\n\n\t\t\t\t\t\t\t\t\t\t\t<\/div>\n\t\t\t\t\t\t\t\t\t\t\t\n\t\t\t\t\t\t\t\t\t\t<\/li>\n\t\t\t\t\t\t\t\t\t\n\t\t\t\t\t\t\t\t\t\t<li><a class=\"thumb\" href=\"https:\/\/paletsdfusta.com\/wp-content\/uploads\/2015\/02\/IMG_22211-600x450.jpg\" title=\"IMG_2221\" >\n\t\t\t\t\t\t\t\t\t\t\t\t<img decoding=\"async\" src=\"https:\/\/paletsdfusta.com\/wp-content\/uploads\/2015\/02\/IMG_22211-120x120.jpg\" alt=\"\" title=\"IMG_2221\" \/>\n\t\t\t\t\t\t\t\t\t\t\t<\/a>\n\t\t\t\t\t\t\t\t\t\t\t\n\t\t\t\t\t\t\t\t\t\t\t<div class=\"caption\">\n\t\t\t\t\t\t\t\t\t\t\t\t\n\n\t\t\t\t\t\t\t\t\t\t\t\t<a class=\"pageLink next\" style=\"display:none; opacity:0; cursor: default;\" href=\"#\" title=\"Next Page\"><\/a>\n\n\t\t\t\t\t\t\t\t\t\t\t<\/div>\n\t\t\t\t\t\t\t\t\t\t\t\n\t\t\t\t\t\t\t\t\t\t<\/li>\n\t\t\t\t\t\t\t\t\t\n\t\t\t\t\t\t\t\t\t\t<li><a class=\"thumb\" href=\"https:\/\/paletsdfusta.com\/wp-content\/uploads\/2015\/02\/IMG00065-20110705-1144.jpg\" title=\"IMG00065-20110705-1144\" >\n\t\t\t\t\t\t\t\t\t\t\t\t<img decoding=\"async\" src=\"https:\/\/paletsdfusta.com\/wp-content\/uploads\/2015\/02\/IMG00065-20110705-1144.jpg\" alt=\"\" title=\"IMG00065-20110705-1144\" \/>\n\t\t\t\t\t\t\t\t\t\t\t<\/a>\n\t\t\t\t\t\t\t\t\t\t\t\n\t\t\t\t\t\t\t\t\t\t\t<div class=\"caption\">\n\t\t\t\t\t\t\t\t\t\t\t\t\n\n\t\t\t\t\t\t\t\t\t\t\t\t<a class=\"pageLink next\" style=\"display:none; opacity:0; cursor: default;\" href=\"#\" title=\"Next Page\"><\/a>\n\n\t\t\t\t\t\t\t\t\t\t\t<\/div>\n\t\t\t\t\t\t\t\t\t\t\t\n\t\t\t\t\t\t\t\t\t\t<\/li>\n\t\t\t\t\t\t\t\t\t\n\t\t\t\t\t\t\t\t\t\t<li><a class=\"thumb\" href=\"https:\/\/paletsdfusta.com\/wp-content\/uploads\/2015\/02\/IMG_5101.jpg\" title=\"IMG_5101\" >\n\t\t\t\t\t\t\t\t\t\t\t\t<img decoding=\"async\" src=\"https:\/\/paletsdfusta.com\/wp-content\/uploads\/2015\/02\/IMG_5101.jpg\" alt=\"\" title=\"IMG_5101\" \/>\n\t\t\t\t\t\t\t\t\t\t\t<\/a>\n\t\t\t\t\t\t\t\t\t\t\t\n\t\t\t\t\t\t\t\t\t\t\t<div class=\"caption\">\n\t\t\t\t\t\t\t\t\t\t\t\t\n\n\t\t\t\t\t\t\t\t\t\t\t\t<a class=\"pageLink next\" style=\"display:none; opacity:0; cursor: default;\" href=\"#\" title=\"Next Page\"><\/a>\n\n\t\t\t\t\t\t\t\t\t\t\t<\/div>\n\t\t\t\t\t\t\t\t\t\t\t\n\t\t\t\t\t\t\t\t\t\t<\/li>\n\t\t\t\t\t\t\t\t\t\n\t\t\t\t\t\t\t\t\t\t<li><a class=\"thumb\" href=\"https:\/\/paletsdfusta.com\/wp-content\/uploads\/2015\/02\/IMG00188-20120217-1734.jpg\" title=\"IMG00188-20120217-1734\" >\n\t\t\t\t\t\t\t\t\t\t\t\t<img decoding=\"async\" src=\"https:\/\/paletsdfusta.com\/wp-content\/uploads\/2015\/02\/IMG00188-20120217-1734.jpg\" alt=\"\" title=\"IMG00188-20120217-1734\" \/>\n\t\t\t\t\t\t\t\t\t\t\t<\/a>\n\t\t\t\t\t\t\t\t\t\t\t\n\t\t\t\t\t\t\t\t\t\t\t<div class=\"caption\">\n\t\t\t\t\t\t\t\t\t\t\t\t\n\n\t\t\t\t\t\t\t\t\t\t\t\t<a class=\"pageLink next\" style=\"display:none; opacity:0; cursor: default;\" href=\"#\" title=\"Next Page\"><\/a>\n\n\t\t\t\t\t\t\t\t\t\t\t<\/div>\n\t\t\t\t\t\t\t\t\t\t\t\n\t\t\t\t\t\t\t\t\t\t<\/li>\n\t\t\t\t\t\t\t\t\t\n\t\t\t\t\t\t\t\t\t\t<li><a class=\"thumb\" href=\"https:\/\/paletsdfusta.com\/wp-content\/uploads\/2015\/02\/IMG_17781-600x450.jpg\" title=\"IMG_1778\" >\n\t\t\t\t\t\t\t\t\t\t\t\t<img decoding=\"async\" src=\"https:\/\/paletsdfusta.com\/wp-content\/uploads\/2015\/02\/IMG_17781-120x120.jpg\" alt=\"\" title=\"IMG_1778\" \/>\n\t\t\t\t\t\t\t\t\t\t\t<\/a>\n\t\t\t\t\t\t\t\t\t\t\t\n\t\t\t\t\t\t\t\t\t\t\t<div class=\"caption\">\n\t\t\t\t\t\t\t\t\t\t\t\t\n\n\t\t\t\t\t\t\t\t\t\t\t\t<a class=\"pageLink next\" style=\"display:none; opacity:0; cursor: default;\" href=\"#\" title=\"Next Page\"><\/a>\n\n\t\t\t\t\t\t\t\t\t\t\t<\/div>\n\t\t\t\t\t\t\t\t\t\t\t\n\t\t\t\t\t\t\t\t\t\t<\/li>\n\t\t\t\t\t\t\t\t\t\n\t\t\t\t\t\t\t\t\t\t<li><a class=\"thumb\" href=\"https:\/\/paletsdfusta.com\/wp-content\/uploads\/2015\/02\/IMG_42961-600x450.jpg\" title=\"IMG_4296\" >\n\t\t\t\t\t\t\t\t\t\t\t\t<img decoding=\"async\" src=\"https:\/\/paletsdfusta.com\/wp-content\/uploads\/2015\/02\/IMG_42961-120x120.jpg\" alt=\"\" title=\"IMG_4296\" \/>\n\t\t\t\t\t\t\t\t\t\t\t<\/a>\n\t\t\t\t\t\t\t\t\t\t\t\n\t\t\t\t\t\t\t\t\t\t\t<div class=\"caption\">\n\t\t\t\t\t\t\t\t\t\t\t\t\n\n\t\t\t\t\t\t\t\t\t\t\t\t<a class=\"pageLink next\" style=\"display:none; opacity:0; cursor: default;\" href=\"#\" title=\"Next Page\"><\/a>\n\n\t\t\t\t\t\t\t\t\t\t\t<\/div>\n\t\t\t\t\t\t\t\t\t\t\t\n\t\t\t\t\t\t\t\t\t\t<\/li>\n\t\t\t\t\t\t\t\t\t\n\t\t\t\t\t\t\t\t\t\t<li><a class=\"thumb\" href=\"https:\/\/paletsdfusta.com\/wp-content\/uploads\/2015\/02\/IMG_50361-600x450.jpg\" title=\"IMG_5036\" >\n\t\t\t\t\t\t\t\t\t\t\t\t<img decoding=\"async\" src=\"https:\/\/paletsdfusta.com\/wp-content\/uploads\/2015\/02\/IMG_50361-120x120.jpg\" alt=\"\" title=\"IMG_5036\" \/>\n\t\t\t\t\t\t\t\t\t\t\t<\/a>\n\t\t\t\t\t\t\t\t\t\t\t\n\t\t\t\t\t\t\t\t\t\t\t<div class=\"caption\">\n\t\t\t\t\t\t\t\t\t\t\t\t\n\n\t\t\t\t\t\t\t\t\t\t\t\t<a class=\"pageLink next\" style=\"display:none; opacity:0; cursor: default;\" href=\"#\" title=\"Next Page\"><\/a>\n\n\t\t\t\t\t\t\t\t\t\t\t<\/div>\n\t\t\t\t\t\t\t\t\t\t\t\n\t\t\t\t\t\t\t\t\t\t<\/li>\n\t\t\t\t\t\t\t\t\t\n\t\t\t\t\t\t\t\t\t\t<li><a class=\"thumb\" href=\"https:\/\/paletsdfusta.com\/wp-content\/uploads\/2015\/02\/IMG_54001-600x450.jpg\" title=\"IMG_5400\" >\n\t\t\t\t\t\t\t\t\t\t\t\t<img decoding=\"async\" src=\"https:\/\/paletsdfusta.com\/wp-content\/uploads\/2015\/02\/IMG_54001-120x120.jpg\" alt=\"\" title=\"IMG_5400\" \/>\n\t\t\t\t\t\t\t\t\t\t\t<\/a>\n\t\t\t\t\t\t\t\t\t\t\t\n\t\t\t\t\t\t\t\t\t\t\t<div class=\"caption\">\n\t\t\t\t\t\t\t\t\t\t\t\t\n\n\t\t\t\t\t\t\t\t\t\t\t\t<a class=\"pageLink next\" style=\"display:none; opacity:0; cursor: default;\" href=\"#\" title=\"Next Page\"><\/a>\n\n\t\t\t\t\t\t\t\t\t\t\t<\/div>\n\t\t\t\t\t\t\t\t\t\t\t\n\t\t\t\t\t\t\t\t\t\t<\/li>\n\t\t\t\t\t\t\t\t\t\n\t\t\t\t\t\t\t\t\t\t<li><a class=\"thumb\" href=\"https:\/\/paletsdfusta.com\/wp-content\/uploads\/2015\/02\/IMG_60031-600x450.jpg\" title=\"IMG_6003\" >\n\t\t\t\t\t\t\t\t\t\t\t\t<img decoding=\"async\" src=\"https:\/\/paletsdfusta.com\/wp-content\/uploads\/2015\/02\/IMG_60031-120x120.jpg\" alt=\"\" title=\"IMG_6003\" \/>\n\t\t\t\t\t\t\t\t\t\t\t<\/a>\n\t\t\t\t\t\t\t\t\t\t\t\n\t\t\t\t\t\t\t\t\t\t\t<div class=\"caption\">\n\t\t\t\t\t\t\t\t\t\t\t\t\n\n\t\t\t\t\t\t\t\t\t\t\t\t<a class=\"pageLink next\" style=\"display:none; opacity:0; cursor: default;\" href=\"#\" title=\"Next Page\"><\/a>\n\n\t\t\t\t\t\t\t\t\t\t\t<\/div>\n\t\t\t\t\t\t\t\t\t\t\t\n\t\t\t\t\t\t\t\t\t\t<\/li>\n\t\t\t\t\t\t\t\t\t\n\t\t\t\t\t\t\t\t\t\t<li><a class=\"thumb\" href=\"https:\/\/paletsdfusta.com\/wp-content\/uploads\/2015\/02\/IMG_58141-600x450.jpg\" title=\"IMG_5814\" >\n\t\t\t\t\t\t\t\t\t\t\t\t<img decoding=\"async\" src=\"https:\/\/paletsdfusta.com\/wp-content\/uploads\/2015\/02\/IMG_58141-120x120.jpg\" alt=\"\" title=\"IMG_5814\" \/>\n\t\t\t\t\t\t\t\t\t\t\t<\/a>\n\t\t\t\t\t\t\t\t\t\t\t\n\t\t\t\t\t\t\t\t\t\t\t<div class=\"caption\">\n\t\t\t\t\t\t\t\t\t\t\t\t\n\n\t\t\t\t\t\t\t\t\t\t\t\t<a class=\"pageLink next\" style=\"display:none; opacity:0; cursor: default;\" href=\"#\" title=\"Next Page\"><\/a>\n\n\t\t\t\t\t\t\t\t\t\t\t<\/div>\n\t\t\t\t\t\t\t\t\t\t\t\n\t\t\t\t\t\t\t\t\t\t<\/li>\n\t\t\t\t\t\t\t\t\t\n\t\t\t\t\t\t\t\t\t\t<li><a class=\"thumb\" href=\"https:\/\/paletsdfusta.com\/wp-content\/uploads\/2015\/02\/IMG_63661-600x450.jpg\" title=\"IMG_6366\" >\n\t\t\t\t\t\t\t\t\t\t\t\t<img decoding=\"async\" src=\"https:\/\/paletsdfusta.com\/wp-content\/uploads\/2015\/02\/IMG_63661-120x120.jpg\" alt=\"\" title=\"IMG_6366\" \/>\n\t\t\t\t\t\t\t\t\t\t\t<\/a>\n\t\t\t\t\t\t\t\t\t\t\t\n\t\t\t\t\t\t\t\t\t\t\t<div class=\"caption\">\n\t\t\t\t\t\t\t\t\t\t\t\t\n\n\t\t\t\t\t\t\t\t\t\t\t\t<a class=\"pageLink next\" style=\"display:none; opacity:0; cursor: default;\" href=\"#\" title=\"Next Page\"><\/a>\n\n\t\t\t\t\t\t\t\t\t\t\t<\/div>\n\t\t\t\t\t\t\t\t\t\t\t\n\t\t\t\t\t\t\t\t\t\t<\/li>\n\t\t\t\t\t\t\t\t\t\n\t\t\t\t\t\t\t\t\t\t<li><a class=\"thumb\" href=\"https:\/\/paletsdfusta.com\/wp-content\/uploads\/2015\/11\/IMG_6561-600x450.jpg\" title=\"IMG_6561\" >\n\t\t\t\t\t\t\t\t\t\t\t\t<img decoding=\"async\" src=\"https:\/\/paletsdfusta.com\/wp-content\/uploads\/2015\/11\/IMG_6561-120x120.jpg\" alt=\"\" title=\"IMG_6561\" \/>\n\t\t\t\t\t\t\t\t\t\t\t<\/a>\n\t\t\t\t\t\t\t\t\t\t\t\n\t\t\t\t\t\t\t\t\t\t\t<div class=\"caption\">\n\t\t\t\t\t\t\t\t\t\t\t\t\n\n\t\t\t\t\t\t\t\t\t\t\t\t<a class=\"pageLink next\" style=\"display:none; opacity:0; cursor: default;\" href=\"#\" title=\"Next Page\"><\/a>\n\n\t\t\t\t\t\t\t\t\t\t\t<\/div>\n\t\t\t\t\t\t\t\t\t\t\t\n\t\t\t\t\t\t\t\t\t\t<\/li>\n\t\t\t\t\t\t\t\t\t\n\t\t\t\t\t\t\t\t\t\t<li><a class=\"thumb\" href=\"https:\/\/paletsdfusta.com\/wp-content\/uploads\/2016\/10\/IMG_20161006_163647-600x450.jpg\" title=\"img_20161006_163647\" >\n\t\t\t\t\t\t\t\t\t\t\t\t<img decoding=\"async\" src=\"https:\/\/paletsdfusta.com\/wp-content\/uploads\/2016\/10\/IMG_20161006_163647-120x120.jpg\" alt=\"\" title=\"img_20161006_163647\" \/>\n\t\t\t\t\t\t\t\t\t\t\t<\/a>\n\t\t\t\t\t\t\t\t\t\t\t\n\t\t\t\t\t\t\t\t\t\t\t<div class=\"caption\">\n\t\t\t\t\t\t\t\t\t\t\t\t\n\n\t\t\t\t\t\t\t\t\t\t\t\t<a class=\"pageLink next\" style=\"display:none; opacity:0; cursor: default;\" href=\"#\" title=\"Next Page\"><\/a>\n\n\t\t\t\t\t\t\t\t\t\t\t<\/div>\n\t\t\t\t\t\t\t\t\t\t\t\n\t\t\t\t\t\t\t\t\t\t<\/li>\n\t\t\t\t\t\t\t\t\t\n\t\t\t\t\t\t\t<\/ul>\n\n\t\t\t\t\t\t<\/div>\n\t\t\t\t\t<\/div>\n\t\t\t\t<\/div>\n\n\t\t\t\t<!-- Start Advanced Gallery Html Containers -->\n\t\t\t\t<div class=\"gal_content\">\n\t\t\t\t\t\n\t\t\t\t\t<div class=\"slideshow-container\">\n\t\t\t\t\t\t<div id=\"loading_97_1\" class=\"loader\"><\/div>\n\t\t\t\t\t\t<div id=\"slideshow_97_1\" class=\"slideshow\"><\/div>\n\t\t\t\t\t\t<div id=\"caption_97_1\" class=\"caption-container\"><\/div>\n\t\t\t\t\t<\/div>\n\n\t\t\t\t<\/div>\n\n\t\t<\/div>\n\n\t\t<div class=\"gallery_clear\"><\/div>\n\n\t\t\n\n\t\t<script type='text\/javascript'>\n\n\t\t\t\tjQuery(document).ready(function($) {\n\n\t\t\t\t\t\/\/ We only want these styles applied when javascript is enabled\n\t\t\t\t\t$('.gal_content').css('display', 'block');\n\t\t\t\t\t\n\n\t\t\t\t\t\/\/ Initialize Advanced Galleriffic Gallery\n\t\t\t\t\tvar gallery = $('#thumbs_97_1').galleriffic({\n\t\t\t\t\t\tdelay:                     0,\n\t\t\t\t\t\tnumThumbs:                 0,\n\t\t\t\t\t\tpreloadAhead:              0,\n\t\t\t\t\t\tenableTopPager:            false,\n\t\t\t\t\t\tenableBottomPager:         false,\n\t\t\t\t\t\timageContainerSel:         '#slideshow_97_1',\n\t\t\t\t\t\tcontrolsContainerSel:      '#controls_97_1',\n\t\t\t\t\t\tcaptionContainerSel:       '#caption_97_1',\n\t\t\t\t\t\tloadingContainerSel:       '#loading_97_1',\n\t\t\t\t\t\trenderSSControls:          true,\n\t\t\t\t\t\trenderNavControls:         false,\n\t\t\t\t\t\tplayLinkText:              '',\n\t\t\t\t\t\tpauseLinkText:             '',\n\t\t\t\t\t\tenableHistory:              false,\n\t\t\t\t\t\tautoStart:                 \tfalse,\n\t\t\t\t\t\tenableKeyboardNavigation:\t\ttrue,\n\t\t\t\t\t\tsyncTransitions:           \tfalse,\n\t\t\t\t\t\tdefaultTransitionDuration: \t300,\n\n\t\t\t\t\t\tonTransitionOut:           function(slide, caption, isSync, callback) {\n\t\t\t\t\t\t\tslide.fadeTo(this.getDefaultTransitionDuration(isSync), 0.0, callback);\n\t\t\t\t\t\t\tcaption.fadeTo(this.getDefaultTransitionDuration(isSync), 0.0);\n\t\t\t\t\t\t},\n\t\t\t\t\t\tonTransitionIn:            function(slide, caption, isSync) {\n\t\t\t\t\t\t\tvar duration = this.getDefaultTransitionDuration(isSync);\n\t\t\t\t\t\t\tslide.fadeTo(duration, 1.0);\n\n\t\t\t\t\t\t\t\/\/ Position the caption at the bottom of the image and set its opacity\n\t\t\t\t\t\t\tvar slideImage = slide.find('img');\n\t\t\t\t\t\t\tcaption.fadeTo(duration, 1.0);\n\n\t\t\t\t\t\t},\n\t\t\t\t\t\tonPageTransitionOut:       function(callback) {\n\t\t\t\t\t\t\t\/\/this.hide();\n\t\t\t\t\t\t\tsetTimeout(callback, 100); \/\/ wait a bit\n\t\t\t\t\t\t},\n\t\t\t\t\t\tonPageTransitionIn:        function() {\n\t\t\t\t\t\t\tvar prevPageLink = this.find('a.prev').css({'opacity': '0.3' , 'display' : 'inline-block', 'cursor' : 'default'});\n\t\t\t\t\t\t\tvar nextPageLink = this.find('a.next').css({'opacity': '0.3' , 'display' : 'inline-block', 'cursor' : 'default'});\n\n\t\t\t\t\t\t\t\/\/ Show appropriate next \/ prev page links\n\t\t\t\t\t\t\tif (this.displayedPage > 0)\n\t\t\t\t\t\t\t\tprevPageLink.css({'opacity' : '1' , 'display' : 'inline-block', 'cursor' : 'pointer'});\n\n\t\t\t\t\t\t\tvar lastPage = this.getNumPages() - 1;\n\t\t\t\t\t\t\tif (this.displayedPage < lastPage)\n\t\t\t\t\t\t\t\tnextPageLink.css({'opacity' : '1' , 'display' : 'inline-block', 'cursor' : 'pointer'});\n\n\t\t\t\t\t\t\tthis.fadeTo('fast', 1.0);\n\t\t\t\t\t\t}\n\n\t\t\t\t\t});\n\n\t\t\t\t\t\n\n\t\t\t\t\t\/**************** Event handlers for custom next \/ prev page links **********************\/\n\n\t\t\t\t\tgallery.find('a.prev').click(function(e) {\n\t\t\t\t\t\tgallery.previousPage();\n\t\t\t\t\t\te.preventDefault();\n\t\t\t\t\t});\n\n\t\t\t\t\tgallery.find('a.next').click(function(e) {\n\t\t\t\t\t\tgallery.nextPage();\n\t\t\t\t\t\te.preventDefault();\n\t\t\t\t\t});\n\n\t\t\t\t});\n\t\t\t<\/script>\n\n\t\t\t\n","protected":false},"excerpt":{"rendered":"<p>Fabricamos para cada cliente el palet m\u00e1s adecuado, en formato, dimensi\u00f3n y resistencia, porque pueda transportar sus productos con total garant\u00eda y seguridad. Palets de medidas especiales Son palets fabricados a medida, siguiendo las instrucciones del cliente, y que por sus caracter\u00edsticas, dimensiones y cantidades se alejan de los tipo est\u00e1ndar y habitualmente necesitan ser [&hellip;]<\/p>\n","protected":false},"author":1,"featured_media":0,"parent":0,"menu_order":0,"comment_status":"open","ping_status":"open","template":"","meta":{"footnotes":""},"class_list":["post-97","page","type-page","status-publish","hentry"],"translation":{"provider":"WPGlobus","version":"3.0.0","language":"es","enabled_languages":["ca","es","en"],"languages":{"ca":{"title":true,"content":true,"excerpt":false},"es":{"title":true,"content":true,"excerpt":false},"en":{"title":true,"content":true,"excerpt":false}}},"_links":{"self":[{"href":"https:\/\/paletsdfusta.com\/es\/wp-json\/wp\/v2\/pages\/97","targetHints":{"allow":["GET"]}}],"collection":[{"href":"https:\/\/paletsdfusta.com\/es\/wp-json\/wp\/v2\/pages"}],"about":[{"href":"https:\/\/paletsdfusta.com\/es\/wp-json\/wp\/v2\/types\/page"}],"author":[{"embeddable":true,"href":"https:\/\/paletsdfusta.com\/es\/wp-json\/wp\/v2\/users\/1"}],"replies":[{"embeddable":true,"href":"https:\/\/paletsdfusta.com\/es\/wp-json\/wp\/v2\/comments?post=97"}],"version-history":[{"count":115,"href":"https:\/\/paletsdfusta.com\/es\/wp-json\/wp\/v2\/pages\/97\/revisions"}],"predecessor-version":[{"id":1060,"href":"https:\/\/paletsdfusta.com\/es\/wp-json\/wp\/v2\/pages\/97\/revisions\/1060"}],"wp:attachment":[{"href":"https:\/\/paletsdfusta.com\/es\/wp-json\/wp\/v2\/media?parent=97"}],"curies":[{"name":"wp","href":"https:\/\/api.w.org\/{rel}","templated":true}]}}